{"id":158,"date":"2024-08-28T09:23:53","date_gmt":"2024-08-28T09:23:53","guid":{"rendered":"https:\/\/ebf.hr\/?post_type=product&#038;p=158"},"modified":"2025-03-07T20:54:22","modified_gmt":"2025-03-07T18:54:22","slug":"rocket-glue","status":"publish","type":"product","link":"https:\/\/ebf.hr\/?product=rocket-glue","title":{"rendered":"ROCKET GLUE"},"content":{"rendered":"<p><strong>Ljepilo ROCKET<\/strong><\/p>\n<p><strong>Brzo su\u0161enje i odli\u010dna retencija<\/strong><br \/>\n<strong>Vrijeme su\u0161enja: 1 sec.<\/strong><br \/>\n<strong>Retencija: 7-8 tjedana<\/strong><br \/>\n<strong>Vlaga: 35-70%<\/strong><br \/>\n<strong>Temperatura: 20-25 stupnjeva (idealno 22-24 stupnja)<\/strong><br \/>\n<strong>Crne boje<\/strong><\/p>\n<p>&nbsp;<\/p>\n<p>Ljepilo cuvati na suhom i hladnom mjestu<br \/>\nNakon otvaranja potrositi u roku 2 mj<br \/>\nPrije prve upotrebe dobro protresti 2 min te prije svakog doziranja protresti 20-ak sec<br \/>\nCuvati izvan dohvata djece<br \/>\nSAMO ZA PROFESIONALNU UPOTREBU<\/p>\n","protected":false},"excerpt":{"rendered":"<p>Ljepilo ROCKET Brzo su\u0161enje i odli\u010dna retencija Vrijeme su\u0161enja: 1 sec. Retencija: 7-8 tjedana Vlaga: 35-70% Temperatura: 20-25 stupnjeva (idealno [&hellip;]<\/p>\n","protected":false},"featured_media":207,"template":"","meta":{"site-sidebar-layout":"default","site-content-layout":"","ast-site-content-layout":"default","site-content-style":"default","site-sidebar-style":"default","ast-global-header-display":"","ast-banner-title-visibility":"","ast-main-header-display":"","ast-hfb-above-header-display":"","ast-hfb-below-header-display":"","ast-hfb-mobile-header-display":"","site-post-title":"","ast-breadcrumbs-content":"","ast-featured-img":"","footer-sml-layout":"","ast-disable-related-posts":"","theme-transparent-header-meta":"default","adv-header-id-meta":"","stick-header-meta":"","header-above-stick-meta":"","header-main-stick-meta":"","header-below-stick-meta":"","astra-migrate-meta-layouts":"set","ast-page-background-enabled":"default","ast-page-background-meta":{"desktop":{"background-color":"var(--ast-global-color-4)","background-image":"","background-repeat":"repeat","background-position":"center center","background-size":"auto","background-attachment":"scroll","background-type":"","background-media":"","overlay-type":"","overlay-color":"","overlay-opacity":"","overlay-gradient":""},"tablet":{"background-color":"","background-image":"","background-repeat":"repeat","background-position":"center center","background-size":"auto","background-attachment":"scroll","background-type":"","background-media":"","overlay-type":"","overlay-color":"","overlay-opacity":"","overlay-gradient":""},"mobile":{"background-color":"","background-image":"","background-repeat":"repeat","background-position":"center center","background-size":"auto","background-attachment":"scroll","background-type":"","background-media":"","overlay-type":"","overlay-color":"","overlay-opacity":"","overlay-gradient":""}},"ast-content-background-meta":{"desktop":{"background-color":"var(--ast-global-color-5)","background-image":"","background-repeat":"repeat","background-position":"center center","background-size":"auto","background-attachment":"scroll","background-type":"","background-media":"","overlay-type":"","overlay-color":"","overlay-opacity":"","overlay-gradient":""},"tablet":{"background-color":"var(--ast-global-color-5)","background-image":"","background-repeat":"repeat","background-position":"center center","background-size":"auto","background-attachment":"scroll","background-type":"","background-media":"","overlay-type":"","overlay-color":"","overlay-opacity":"","overlay-gradient":""},"mobile":{"background-color":"var(--ast-global-color-5)","background-image":"","background-repeat":"repeat","background-position":"center center","background-size":"auto","background-attachment":"scroll","background-type":"","background-media":"","overlay-type":"","overlay-color":"","overlay-opacity":"","overlay-gradient":""}}},"product_brand":[],"product_cat":[19],"product_tag":[],"class_list":{"0":"post-158","1":"product","2":"type-product","3":"status-publish","4":"has-post-thumbnail","6":"product_cat-ljepila","7":"desktop-align-center","8":"tablet-align-left","9":"mobile-align-left","11":"first","12":"instock","13":"shipping-taxable","14":"purchasable","15":"product-type-simple"},"_links":{"self":[{"href":"https:\/\/ebf.hr\/index.php?rest_route=\/wp\/v2\/product\/158","targetHints":{"allow":["GET"]}}],"collection":[{"href":"https:\/\/ebf.hr\/index.php?rest_route=\/wp\/v2\/product"}],"about":[{"href":"https:\/\/ebf.hr\/index.php?rest_route=\/wp\/v2\/types\/product"}],"wp:featuredmedia":[{"embeddable":true,"href":"https:\/\/ebf.hr\/index.php?rest_route=\/wp\/v2\/media\/207"}],"wp:attachment":[{"href":"https:\/\/ebf.hr\/index.php?rest_route=%2Fwp%2Fv2%2Fmedia&parent=158"}],"wp:term":[{"taxonomy":"product_brand","embeddable":true,"href":"https:\/\/ebf.hr\/index.php?rest_route=%2Fwp%2Fv2%2Fproduct_brand&post=158"},{"taxonomy":"product_cat","embeddable":true,"href":"https:\/\/ebf.hr\/index.php?rest_route=%2Fwp%2Fv2%2Fproduct_cat&post=158"},{"taxonomy":"product_tag","embeddable":true,"href":"https:\/\/ebf.hr\/index.php?rest_route=%2Fwp%2Fv2%2Fproduct_tag&post=158"}],"curies":[{"name":"wp","href":"https:\/\/api.w.org\/{rel}","templated":true}]}}