{"id":334,"date":"2024-10-01T20:31:05","date_gmt":"2024-10-01T18:31:05","guid":{"rendered":"https:\/\/ebf.hr\/?page_id=334"},"modified":"2024-10-01T20:31:05","modified_gmt":"2024-10-01T18:31:05","slug":"informacije-i-kontakt","status":"publish","type":"page","link":"https:\/\/ebf.hr\/?page_id=334","title":{"rendered":"Informacije i kontakt"},"content":{"rendered":"\n<p><strong>Kontakt<\/strong><\/p>\n\n\n\n<p>Ako imate bilo kakva pitanja, upite ili trebate dodatne informacije, slobodno nas kontaktirajte putem ni\u017ee navedenih informacija.<\/p>\n\n\n\n<p><strong>Podaci o tvrtki:<\/strong><\/p>\n\n\n\n<p><strong>Naziv tvrtke:<\/strong><br>MS Plus d.o.o.<\/p>\n\n\n\n<p><strong>Adresa:<\/strong><br>Bukovac 68,<br>10000 Zagreb,<br>Hrvatska<\/p>\n\n\n\n<p><strong>E-mail:<\/strong><br><a href=\"mailto:info@ebf.hr\">info@ebf.hr<\/a><\/p>\n\n\n\n<p><strong>OIB:<\/strong><br>06499591612<\/p>\n\n\n\n<p><strong>MBS:<\/strong><br>081556588<\/p>\n\n\n\n<p><strong>NKD:<\/strong><br>G4619 &#8211; Posredovanje u trgovini raznovrsnim proizvodima<\/p>\n\n\n\n<p><strong>Registarsko tijelo:<\/strong><br>Trgova\u010dki sud u Zagrebu<\/p>\n\n\n\n<p>Rado \u0107emo odgovoriti na sva va\u0161a pitanja i pomo\u0107i vam oko narud\u017ebi, povrata ili bilo koje druge informacije vezane uz na\u0161e proizvode i usluge.<\/p>\n","protected":false},"excerpt":{"rendered":"<p>Kontakt Ako imate bilo kakva pitanja, upite ili trebate dodatne informacije, slobodno nas kontaktirajte putem ni\u017ee navedenih informacija. Podaci o [&hellip;]<\/p>\n","protected":false},"author":1,"featured_media":0,"parent":0,"menu_order":0,"comment_status":"closed","ping_status":"closed","template":"","meta":{"site-sidebar-layout":"default","site-content-layout":"","ast-site-content-layout":"default","site-content-style":"default","site-sidebar-style":"default","ast-global-header-display":"","ast-banner-title-visibility":"","ast-main-header-display":"","ast-hfb-above-header-display":"","ast-hfb-below-header-display":"","ast-hfb-mobile-header-display":"","site-post-title":"","ast-breadcrumbs-content":"","ast-featured-img":"","footer-sml-layout":"","ast-disable-related-posts":"","theme-transparent-header-meta":"","adv-header-id-meta":"","stick-header-meta":"","header-above-stick-meta":"","header-main-stick-meta":"","header-below-stick-meta":"","astra-migrate-meta-layouts":"default","ast-page-background-enabled":"default","ast-page-background-meta":{"desktop":{"background-color":"var(--ast-global-color-4)","background-image":"","background-repeat":"repeat","background-position":"center center","background-size":"auto","background-attachment":"scroll","background-type":"","background-media":"","overlay-type":"","overlay-color":"","overlay-opacity":"","overlay-gradient":""},"tablet":{"background-color":"","background-image":"","background-repeat":"repeat","background-position":"center center","background-size":"auto","background-attachment":"scroll","background-type":"","background-media":"","overlay-type":"","overlay-color":"","overlay-opacity":"","overlay-gradient":""},"mobile":{"background-color":"","background-image":"","background-repeat":"repeat","background-position":"center center","background-size":"auto","background-attachment":"scroll","background-type":"","background-media":"","overlay-type":"","overlay-color":"","overlay-opacity":"","overlay-gradient":""}},"ast-content-background-meta":{"desktop":{"background-color":"var(--ast-global-color-5)","background-image":"","background-repeat":"repeat","background-position":"center center","background-size":"auto","background-attachment":"scroll","background-type":"","background-media":"","overlay-type":"","overlay-color":"","overlay-opacity":"","overlay-gradient":""},"tablet":{"background-color":"var(--ast-global-color-5)","background-image":"","background-repeat":"repeat","background-position":"center center","background-size":"auto","background-attachment":"scroll","background-type":"","background-media":"","overlay-type":"","overlay-color":"","overlay-opacity":"","overlay-gradient":""},"mobile":{"background-color":"var(--ast-global-color-5)","background-image":"","background-repeat":"repeat","background-position":"center center","background-size":"auto","background-attachment":"scroll","background-type":"","background-media":"","overlay-type":"","overlay-color":"","overlay-opacity":"","overlay-gradient":""}},"footnotes":""},"class_list":["post-334","page","type-page","status-publish","hentry"],"_links":{"self":[{"href":"https:\/\/ebf.hr\/index.php?rest_route=\/wp\/v2\/pages\/334","targetHints":{"allow":["GET"]}}],"collection":[{"href":"https:\/\/ebf.hr\/index.php?rest_route=\/wp\/v2\/pages"}],"about":[{"href":"https:\/\/ebf.hr\/index.php?rest_route=\/wp\/v2\/types\/page"}],"author":[{"embeddable":true,"href":"https:\/\/ebf.hr\/index.php?rest_route=\/wp\/v2\/users\/1"}],"replies":[{"embeddable":true,"href":"https:\/\/ebf.hr\/index.php?rest_route=%2Fwp%2Fv2%2Fcomments&post=334"}],"version-history":[{"count":1,"href":"https:\/\/ebf.hr\/index.php?rest_route=\/wp\/v2\/pages\/334\/revisions"}],"predecessor-version":[{"id":335,"href":"https:\/\/ebf.hr\/index.php?rest_route=\/wp\/v2\/pages\/334\/revisions\/335"}],"wp:attachment":[{"href":"https:\/\/ebf.hr\/index.php?rest_route=%2Fwp%2Fv2%2Fmedia&parent=334"}],"curies":[{"name":"wp","href":"https:\/\/api.w.org\/{rel}","templated":true}]}}