{"id":241,"date":"2024-09-06T14:52:54","date_gmt":"2024-09-06T14:52:54","guid":{"rendered":"https:\/\/ebf.hr\/?page_id=241"},"modified":"2025-01-09T10:35:49","modified_gmt":"2025-01-09T08:35:49","slug":"ebf-hr","status":"publish","type":"page","link":"https:\/\/ebf.hr\/","title":{"rendered":"EBF.hr"},"content":{"rendered":"\n<div class=\"wp-block-cover alignfull\"><span aria-hidden=\"true\" class=\"wp-block-cover__background has-background-dim\"><\/span><img loading=\"lazy\" decoding=\"async\" width=\"2560\" height=\"1919\" class=\"wp-block-cover__image-background wp-image-258\" alt=\"\" src=\"https:\/\/ebf.hr\/wp-content\/uploads\/2024\/09\/IMG_8206-1-edited-scaled.jpg\" data-object-fit=\"cover\" srcset=\"https:\/\/ebf.hr\/wp-content\/uploads\/2024\/09\/IMG_8206-1-edited-scaled.jpg 2560w, https:\/\/ebf.hr\/wp-content\/uploads\/2024\/09\/IMG_8206-1-edited-300x225.jpg 300w, https:\/\/ebf.hr\/wp-content\/uploads\/2024\/09\/IMG_8206-1-edited-1024x768.jpg 1024w, https:\/\/ebf.hr\/wp-content\/uploads\/2024\/09\/IMG_8206-1-edited-768x576.jpg 768w, https:\/\/ebf.hr\/wp-content\/uploads\/2024\/09\/IMG_8206-1-edited-1536x1152.jpg 1536w, https:\/\/ebf.hr\/wp-content\/uploads\/2024\/09\/IMG_8206-1-edited-2048x1535.jpg 2048w, https:\/\/ebf.hr\/wp-content\/uploads\/2024\/09\/IMG_8206-1-edited-600x450.jpg 600w\" sizes=\"auto, (max-width: 2560px) 100vw, 2560px\" \/><div class=\"wp-block-cover__inner-container is-layout-flow wp-block-cover-is-layout-flow\">\n<h2 class=\"wp-block-heading has-text-align-center\"><strong>Extreme Beauty Factory<\/strong><\/h2>\n\n\n\n<hr class=\"wp-block-separator has-alpha-channel-opacity\"\/>\n\n\n\n<p class=\"has-text-align-center has-large-font-size\"><strong><img loading=\"lazy\" decoding=\"async\" width=\"55\" height=\"55\" class=\"wp-image-268\" style=\"width: 55px;\" src=\"http:\/\/ebf.hr\/wp-content\/uploads\/2024\/09\/flag-croatia_1f1ed-1f1f7.png\" alt=\"\" srcset=\"https:\/\/ebf.hr\/wp-content\/uploads\/2024\/09\/flag-croatia_1f1ed-1f1f7.png 160w, https:\/\/ebf.hr\/wp-content\/uploads\/2024\/09\/flag-croatia_1f1ed-1f1f7-150x150.png 150w, https:\/\/ebf.hr\/wp-content\/uploads\/2024\/09\/flag-croatia_1f1ed-1f1f7-100x100.png 100w\" sizes=\"auto, (max-width: 55px) 100vw, 55px\" \/><\/strong><mark style=\"background-color:rgba(0, 0, 0, 0)\" class=\"has-inline-color has-ast-global-color-0-color\"><strong>Besplatna dostava iznad <\/strong><\/mark><strong><mark style=\"background-color:rgba(0, 0, 0, 0)\" class=\"has-inline-color has-ast-global-color-4-color\">20\u20ac<\/mark><\/strong><mark style=\"background-color:rgba(0, 0, 0, 0)\" class=\"has-inline-color has-ast-global-color-0-color\"> | <strong>Zagreb dostava isti dan<\/strong><\/mark><\/p>\n\n\n\n<p><\/p>\n\n\n\n<div class=\"wp-block-buttons is-content-justification-center is-layout-flex wp-container-core-buttons-is-layout-a89b3969 wp-block-buttons-is-layout-flex\">\n<div class=\"wp-block-button\"><a class=\"wp-block-button__link wp-element-button\" href=\"https:\/\/ebf.hr\/?post_type=product\">Ponuda proizvoda<\/a><\/div>\n<\/div>\n<\/div><\/div>\n\n\n\n\n\n<div class=\"wpb-woo-cat-items wpb-woo-cat-slider owl-theme owl-carousel wpb-wcs-category-type-slider wpb-wcs-content-type-with_image\" data-autoplay=\"true\" data-items=\"4\" data-desktopsmall=\"3\" data-tablet=\"2\" data-mobile=\"2\" data-navigation=\"true\" data-pagination=\"true\" data-loop=\"false\" data-direction=\"false\">\n\n\t\n\t\t\n\t\t\n\n<div class=\"wpb-woo-cat-item\">\n\n\t<div class=\"wpb-woo-cat-item-image\"><a href=\"https:\/\/ebf.hr\/?product_cat=cesljici\"><img decoding=\"async\" src=\"https:\/\/ebf.hr\/wp-content\/uploads\/2024\/08\/IMG_8200-768x512.jpg\" alt=\"\u010ce\u0161lji\u0107i\" class=\"wp-post-image\" \/><\/a><\/div>\n\t<div class=\"wpb-woo-cat-item-content\">\n\t\t<h3><a href=\"https:\/\/ebf.hr\/?product_cat=cesljici\">\u010ce\u0161lji\u0107i<\/a><\/h3>\n\n\t\t\n\t\t\n\t\t\t\t\t<a class=\"btn btn-primary button\" href=\"https:\/\/ebf.hr\/?product_cat=cesljici\">Pretra\u017ei<\/a>\n\t\t\t<\/div>\n\n<\/div>\n\t\t\t\t\n\t\n\t\t\n\t\t\n\n<div class=\"wpb-woo-cat-item\">\n\n\t<div class=\"wpb-woo-cat-item-image\"><a href=\"https:\/\/ebf.hr\/?product_cat=ljepila\"><img decoding=\"async\" src=\"https:\/\/ebf.hr\/wp-content\/uploads\/2024\/09\/IMG_8204-768x512.jpg\" alt=\"Ljepila\" class=\"wp-post-image\" \/><\/a><\/div>\n\t<div class=\"wpb-woo-cat-item-content\">\n\t\t<h3><a href=\"https:\/\/ebf.hr\/?product_cat=ljepila\">Ljepila<\/a><\/h3>\n\n\t\t\n\t\t\n\t\t\t\t\t<a class=\"btn btn-primary button\" href=\"https:\/\/ebf.hr\/?product_cat=ljepila\">Pretra\u017ei<\/a>\n\t\t\t<\/div>\n\n<\/div>\n\t\t\t\t\n\t\n\t\t\n\t\t\n\n<div class=\"wpb-woo-cat-item\">\n\n\t<div class=\"wpb-woo-cat-item-image\"><a href=\"https:\/\/ebf.hr\/?product_cat=palete-za-ljepilo\"><img decoding=\"async\" src=\"https:\/\/ebf.hr\/wp-content\/uploads\/2024\/08\/IMG_8195-768x512.jpg\" alt=\"Palete za ljepilo\" class=\"wp-post-image\" \/><\/a><\/div>\n\t<div class=\"wpb-woo-cat-item-content\">\n\t\t<h3><a href=\"https:\/\/ebf.hr\/?product_cat=palete-za-ljepilo\">Palete za ljepilo<\/a><\/h3>\n\n\t\t\n\t\t\n\t\t\t\t\t<a class=\"btn btn-primary button\" href=\"https:\/\/ebf.hr\/?product_cat=palete-za-ljepilo\">Pretra\u017ei<\/a>\n\t\t\t<\/div>\n\n<\/div>\n\t\t\t\t\n\t\n\t\t\n\t\t\n\n<div class=\"wpb-woo-cat-item\">\n\n\t<div class=\"wpb-woo-cat-item-image\"><a href=\"https:\/\/ebf.hr\/?product_cat=pincete\"><img decoding=\"async\" src=\"https:\/\/ebf.hr\/wp-content\/uploads\/2024\/09\/IMG_0994-768x512.jpeg\" alt=\"Pincete\" class=\"wp-post-image\" \/><\/a><\/div>\n\t<div class=\"wpb-woo-cat-item-content\">\n\t\t<h3><a href=\"https:\/\/ebf.hr\/?product_cat=pincete\">Pincete<\/a><\/h3>\n\n\t\t\n\t\t\n\t\t\t\t\t<a class=\"btn btn-primary button\" href=\"https:\/\/ebf.hr\/?product_cat=pincete\">Pretra\u017ei<\/a>\n\t\t\t<\/div>\n\n<\/div>\n\t\t\t\t\n\t\n\t\t\n\t\t\n\n<div class=\"wpb-woo-cat-item\">\n\n\t<div class=\"wpb-woo-cat-item-image\"><a href=\"https:\/\/ebf.hr\/?product_cat=remover\"><img decoding=\"async\" src=\"https:\/\/ebf.hr\/wp-content\/uploads\/2024\/08\/IMG_8191-768x512.jpg\" alt=\"Remover\" class=\"wp-post-image\" \/><\/a><\/div>\n\t<div class=\"wpb-woo-cat-item-content\">\n\t\t<h3><a href=\"https:\/\/ebf.hr\/?product_cat=remover\">Remover<\/a><\/h3>\n\n\t\t\n\t\t\n\t\t\t\t\t<a class=\"btn btn-primary button\" href=\"https:\/\/ebf.hr\/?product_cat=remover\">Pretra\u017ei<\/a>\n\t\t\t<\/div>\n\n<\/div>\n\t\t\t\t\n\t\n\t\t\n\t\t\n\n<div class=\"wpb-woo-cat-item\">\n\n\t<div class=\"wpb-woo-cat-item-image\"><a href=\"https:\/\/ebf.hr\/?product_cat=trake-i-jastucici\"><img decoding=\"async\" src=\"https:\/\/ebf.hr\/wp-content\/uploads\/2024\/09\/IMG_8196-768x512.jpg\" alt=\"Trake i jastu\u010di\u0107i\" class=\"wp-post-image\" \/><\/a><\/div>\n\t<div class=\"wpb-woo-cat-item-content\">\n\t\t<h3><a href=\"https:\/\/ebf.hr\/?product_cat=trake-i-jastucici\">Trake i jastu\u010di\u0107i<\/a><\/h3>\n\n\t\t\n\t\t\n\t\t\t\t\t<a class=\"btn btn-primary button\" href=\"https:\/\/ebf.hr\/?product_cat=trake-i-jastucici\">Pretra\u017ei<\/a>\n\t\t\t<\/div>\n\n<\/div>\n\t\t\t\t\n\t\n\t\t\n\t\t\n\n<div class=\"wpb-woo-cat-item\">\n\n\t<div class=\"wpb-woo-cat-item-image\"><a href=\"https:\/\/ebf.hr\/?product_cat=trepavice\"><img decoding=\"async\" src=\"https:\/\/ebf.hr\/wp-content\/uploads\/2024\/10\/IMG_1302-768x518.jpeg\" alt=\"Trepavice\" class=\"wp-post-image\" \/><\/a><\/div>\n\t<div class=\"wpb-woo-cat-item-content\">\n\t\t<h3><a href=\"https:\/\/ebf.hr\/?product_cat=trepavice\">Trepavice<\/a><\/h3>\n\n\t\t\n\t\t\n\t\t\t\t\t<a class=\"btn btn-primary button\" href=\"https:\/\/ebf.hr\/?product_cat=trepavice\">Pretra\u017ei<\/a>\n\t\t\t<\/div>\n\n<\/div>\n\t\t\t\t\n\t\n<\/div>\n\n\n","protected":false},"excerpt":{"rendered":"","protected":false},"author":1,"featured_media":0,"parent":0,"menu_order":0,"comment_status":"closed","ping_status":"closed","template":"","meta":{"site-sidebar-layout":"default","site-content-layout":"","ast-site-content-layout":"default","site-content-style":"default","site-sidebar-style":"default","ast-global-header-display":"","ast-banner-title-visibility":"","ast-main-header-display":"","ast-hfb-above-header-display":"","ast-hfb-below-header-display":"","ast-hfb-mobile-header-display":"","site-post-title":"disabled","ast-breadcrumbs-content":"","ast-featured-img":"","footer-sml-layout":"","ast-disable-related-posts":"","theme-transparent-header-meta":"","adv-header-id-meta":"","stick-header-meta":"","header-above-stick-meta":"","header-main-stick-meta":"","header-below-stick-meta":"","astra-migrate-meta-layouts":"default","ast-page-background-enabled":"default","ast-page-background-meta":{"desktop":{"background-color":"var(--ast-global-color-4)","background-image":"","background-repeat":"repeat","background-position":"center center","background-size":"auto","background-attachment":"scroll","background-type":"","background-media":"","overlay-type":"","overlay-color":"","overlay-opacity":"","overlay-gradient":""},"tablet":{"background-color":"","background-image":"","background-repeat":"repeat","background-position":"center center","background-size":"auto","background-attachment":"scroll","background-type":"","background-media":"","overlay-type":"","overlay-color":"","overlay-opacity":"","overlay-gradient":""},"mobile":{"background-color":"","background-image":"","background-repeat":"repeat","background-position":"center center","background-size":"auto","background-attachment":"scroll","background-type":"","background-media":"","overlay-type":"","overlay-color":"","overlay-opacity":"","overlay-gradient":""}},"ast-content-background-meta":{"desktop":{"background-color":"var(--ast-global-color-5)","background-image":"","background-repeat":"repeat","background-position":"center center","background-size":"auto","background-attachment":"scroll","background-type":"","background-media":"","overlay-type":"","overlay-color":"","overlay-opacity":"","overlay-gradient":""},"tablet":{"background-color":"var(--ast-global-color-5)","background-image":"","background-repeat":"repeat","background-position":"center center","background-size":"auto","background-attachment":"scroll","background-type":"","background-media":"","overlay-type":"","overlay-color":"","overlay-opacity":"","overlay-gradient":""},"mobile":{"background-color":"var(--ast-global-color-5)","background-image":"","background-repeat":"repeat","background-position":"center center","background-size":"auto","background-attachment":"scroll","background-type":"","background-media":"","overlay-type":"","overlay-color":"","overlay-opacity":"","overlay-gradient":""}},"footnotes":""},"class_list":["post-241","page","type-page","status-publish","hentry"],"_links":{"self":[{"href":"https:\/\/ebf.hr\/index.php?rest_route=\/wp\/v2\/pages\/241","targetHints":{"allow":["GET"]}}],"collection":[{"href":"https:\/\/ebf.hr\/index.php?rest_route=\/wp\/v2\/pages"}],"about":[{"href":"https:\/\/ebf.hr\/index.php?rest_route=\/wp\/v2\/types\/page"}],"author":[{"embeddable":true,"href":"https:\/\/ebf.hr\/index.php?rest_route=\/wp\/v2\/users\/1"}],"replies":[{"embeddable":true,"href":"https:\/\/ebf.hr\/index.php?rest_route=%2Fwp%2Fv2%2Fcomments&post=241"}],"version-history":[{"count":45,"href":"https:\/\/ebf.hr\/index.php?rest_route=\/wp\/v2\/pages\/241\/revisions"}],"predecessor-version":[{"id":633,"href":"https:\/\/ebf.hr\/index.php?rest_route=\/wp\/v2\/pages\/241\/revisions\/633"}],"wp:attachment":[{"href":"https:\/\/ebf.hr\/index.php?rest_route=%2Fwp%2Fv2%2Fmedia&parent=241"}],"curies":[{"name":"wp","href":"https:\/\/api.w.org\/{rel}","templated":true}]}}